{"id":92,"date":"2013-01-29T10:11:34","date_gmt":"2013-01-29T08:11:34","guid":{"rendered":"http:\/\/strathmeier-holzkunst.de\/?page_id=92"},"modified":"2025-12-04T12:32:03","modified_gmt":"2025-12-04T10:32:03","slug":"veranstaltungen","status":"publish","type":"page","link":"https:\/\/strathmeier-holzkunst.de\/?page_id=92","title":{"rendered":"Kurse"},"content":{"rendered":"<h1><span style=\"text-decoration: underline;\">Atelierkurse Bildhauerei<\/span><\/h1>\n<p><img loading=\"lazy\" decoding=\"async\" class=\"alignnone wp-image-767 \" src=\"http:\/\/strathmeier-holzkunst.de\/wp-content\/uploads\/2014\/08\/Atelierkurs-666x360.jpg\" alt=\"\" width=\"517\" height=\"280\" srcset=\"https:\/\/strathmeier-holzkunst.de\/wp-content\/uploads\/2014\/08\/Atelierkurs-666x360.jpg 666w, https:\/\/strathmeier-holzkunst.de\/wp-content\/uploads\/2014\/08\/Atelierkurs-200x108.jpg 200w, https:\/\/strathmeier-holzkunst.de\/wp-content\/uploads\/2014\/08\/Atelierkurs-624x337.jpg 624w, https:\/\/strathmeier-holzkunst.de\/wp-content\/uploads\/2014\/08\/Atelierkurs.jpg 1024w\" sizes=\"auto, (max-width: 517px) 100vw, 517px\" \/><\/p>\n<p><strong>Wochenendkurse<\/strong> Freitag Nachmittag und Samstag insgesamt ca. <strong>10 Stunden<\/strong>. Eine Skulptur aus Holz herstellen \u2013 egal ob du Vorkenntnisse mitbringst oder dich auf Neuland begibst \u2013 dieser Kursus vermittelt dir <strong>grundlegende Kenntnisse<\/strong> in den bildhauerischen Arbeitstechniken sowie den sachgerechten und sicheren Umgang mit Material und Werkzeugen.<br \/>\nOb mit <strong>Bildhauerbeitel und Kl\u00fcpfel<\/strong> oder mit der <strong>Carvings\u00e4ge<\/strong>, hier kannst du deinen Neigungen entsprechend arbeiten. Werkzeuge und Holz sind ausreichend vorhanden. Wer mit einer Kettens\u00e4ge arbeiten m\u00f6chte, ben\u00f6tigt unbedingt <strong>Schutzhelm und Schnittschutzhose<\/strong>. Die Kursgeb\u00fchr betr\u00e4gt bei 3 bis 5 TeilnehmerInnen je 140,- \u20ac\u00a0 zzgl. Materialkosten<br \/>\nnach Aufwand ( ca. 30,- \u20ac )<br \/>\n<span style=\"font-family: Arial;\">Wer ein pers\u00f6nliches Geschenk sucht und kreative Zeit verschenken m\u00f6chte, kann bei mir einen <strong>Geschenkgutschein<\/strong> bekommen. <\/span><span style=\"font-family: Arial;\">Der Gutschein kostet <\/span><span style=\"font-family: Arial;\">140,- Euro f\u00fcr die Kursgeb\u00fchr und das Material wird dann vor Ort nach Aufwand abgerechnet, oder &#8222;All In&#8220; f\u00fcr 10 Stunden Kurs inklusive Material und auf Wunsch <strong>Leihen von Schnittschutzhose<\/strong> <strong>und Helm<\/strong> 170,- Euro.<\/span><\/p>\n<p><span style=\"font-family: Arial, sans-serif;\">Da bei mir vor dem Atelier viel\u00a0 Platz ist und wir drau\u00dfen arbeiten k\u00f6nnen, haben wir allerbeste Bedingungen. Die Gruppen sind mit drei bis f\u00fcnf Teilnehmer*innnen klein und der Abstand zwischen den Arbeitspl\u00e4tzen betr\u00e4gt zum sicheren Arbeiten mit den Werkzeugen drau\u00dfen ca. 2 bis 3 Meter.<\/span><\/p>\n<p><strong>Kurstermine 2026<\/strong><br \/>\n<b>Freitag, 24. April bis Samstag, 25. April 2026<br \/>\n<\/b><b>Freitag, 29. Mai bis Samstag, 30. Mai 2026<br \/>\nFreitag, 26. Juni bis Samstag, 27. Juni 2026<br \/>\nFreitag, 04. September bis Samstag, 05. September 2026<br \/>\n<\/b>Gruppen von 3 bis 5 Personen k\u00f6nnen gerne einen Sondertermin mit mir vereinbaren.<\/p>\n<p><span style=\"font-family: Arial, sans-serif;\"><a href=\"http:\/\/strathmeier-holzkunst.de\/wp-content\/uploads\/2022\/12\/IMG_0985.mov\"><img loading=\"lazy\" decoding=\"async\" class=\"wp-image-1299 size-medium alignleft\" src=\"http:\/\/strathmeier-holzkunst.de\/wp-content\/uploads\/2022\/12\/Video_Gottfried-200x200.jpg\" alt=\"\" width=\"200\" height=\"200\" srcset=\"https:\/\/strathmeier-holzkunst.de\/wp-content\/uploads\/2022\/12\/Video_Gottfried-200x200.jpg 200w, https:\/\/strathmeier-holzkunst.de\/wp-content\/uploads\/2022\/12\/Video_Gottfried.jpg 600w\" sizes=\"auto, (max-width: 200px) 100vw, 200px\" \/><\/a><\/span><\/p>\n<p><strong><br \/>\nSchnitzen am Abend<\/strong><br \/>\nVier Montagabende jeweils von 18.00 Uhr bis 21.00 Uhr. Dieser Kurs ist insbesondere f\u00fcr das Arbeiten \u00fcberwiegend mit Beitel und Kl\u00fcpfel geeignet.<\/p>\n<p>Bei Interesse erfragen Sie bitte die genauen Termine per Email.<\/p>\n<p>&nbsp;<\/p>\n<p><img loading=\"lazy\" decoding=\"async\" class=\"alignnone wp-image-990 \" src=\"http:\/\/strathmeier-holzkunst.de\/wp-content\/uploads\/2017\/10\/Holzbearbeitung-666x606.jpg\" alt=\"\" width=\"325\" height=\"296\" srcset=\"https:\/\/strathmeier-holzkunst.de\/wp-content\/uploads\/2017\/10\/Holzbearbeitung-666x606.jpg 666w, https:\/\/strathmeier-holzkunst.de\/wp-content\/uploads\/2017\/10\/Holzbearbeitung-200x182.jpg 200w, https:\/\/strathmeier-holzkunst.de\/wp-content\/uploads\/2017\/10\/Holzbearbeitung-624x567.jpg 624w, https:\/\/strathmeier-holzkunst.de\/wp-content\/uploads\/2017\/10\/Holzbearbeitung.jpg 1569w\" sizes=\"auto, (max-width: 325px) 100vw, 325px\" \/><\/p>\n<h5><\/h5>\n<p>&nbsp;<\/p>\n<p>&nbsp;<\/p>\n","protected":false},"excerpt":{"rendered":"<p>Atelierkurse Bildhauerei Wochenendkurse Freitag Nachmittag und Samstag insgesamt ca. 10 Stunden. Eine Skulptur aus Holz herstellen \u2013 egal ob du Vorkenntnisse mitbringst oder dich auf Neuland begibst \u2013 dieser Kursus vermittelt dir grundlegende Kenntnisse in den bildhauerischen Arbeitstechniken sowie den sachgerechten und sicheren Umgang mit Material und Werkzeugen. Ob mit Bildhauerbeitel und Kl\u00fcpfel oder mit [&hellip;]<\/p>\n","protected":false},"author":1,"featured_media":0,"parent":0,"menu_order":0,"comment_status":"closed","ping_status":"closed","template":"","meta":{"footnotes":""},"class_list":["post-92","page","type-page","status-publish","hentry"],"_links":{"self":[{"href":"https:\/\/strathmeier-holzkunst.de\/index.php?rest_route=\/wp\/v2\/pages\/92","targetHints":{"allow":["GET"]}}],"collection":[{"href":"https:\/\/strathmeier-holzkunst.de\/index.php?rest_route=\/wp\/v2\/pages"}],"about":[{"href":"https:\/\/strathmeier-holzkunst.de\/index.php?rest_route=\/wp\/v2\/types\/page"}],"author":[{"embeddable":true,"href":"https:\/\/strathmeier-holzkunst.de\/index.php?rest_route=\/wp\/v2\/users\/1"}],"replies":[{"embeddable":true,"href":"https:\/\/strathmeier-holzkunst.de\/index.php?rest_route=%2Fwp%2Fv2%2Fcomments&post=92"}],"version-history":[{"count":203,"href":"https:\/\/strathmeier-holzkunst.de\/index.php?rest_route=\/wp\/v2\/pages\/92\/revisions"}],"predecessor-version":[{"id":1399,"href":"https:\/\/strathmeier-holzkunst.de\/index.php?rest_route=\/wp\/v2\/pages\/92\/revisions\/1399"}],"wp:attachment":[{"href":"https:\/\/strathmeier-holzkunst.de\/index.php?rest_route=%2Fwp%2Fv2%2Fmedia&parent=92"}],"curies":[{"name":"wp","href":"https:\/\/api.w.org\/{rel}","templated":true}]}}