{"id":185,"date":"2013-01-31T12:12:37","date_gmt":"2013-01-31T10:12:37","guid":{"rendered":"http:\/\/strathmeier-holzkunst.de\/?page_id=185"},"modified":"2022-09-21T10:43:57","modified_gmt":"2022-09-21T08:43:57","slug":"presse-2","status":"publish","type":"page","link":"https:\/\/strathmeier-holzkunst.de\/?page_id=185","title":{"rendered":"Presse"},"content":{"rendered":"<p>\u00dcbersicht \u00fcber aktuelle Presseartikel<\/p>\n<p><span style=\"color: #333399;\"><a style=\"color: #333399;\" href=\"http:\/\/strathmeier-holzkunst.de\/wp-content\/uploads\/2022\/09\/Westf.Nachrichten-26.7.2022.pdf\">Westf\u00e4lische Nachrichten, Juli 2022<\/a><\/span><\/p>\n<p><a href=\"http:\/\/strathmeier-holzkunst.de\/wp-content\/uploads\/2020\/08\/Westf\u00e4lische-Nachrichten-Juli-2020.pdf\">Westf\u00e4lische Nachrichten, Juli 2020<\/a><\/p>\n<p><a href=\"http:\/\/strathmeier-holzkunst.de\/wp-content\/uploads\/2020\/02\/Westf.-Nachrichten-2019.pdf\">Westf. Nachrichten 2019<\/a><\/p>\n<p><a href=\"http:\/\/strathmeier-holzkunst.de\/wp-content\/uploads\/2018\/10\/Sommer-Kunstakademie-2018-Westf.-Nachrichrten.doc\">Sommer-Kunstakademie 2018 Westf. Nachrichrten<\/a><\/p>\n<p><a href=\"http:\/\/strathmeier-holzkunst.de\/wp-content\/uploads\/2017\/10\/Westf-Blatt_24.10.17.pdf\">Westf-Blatt_24.10.17<\/a><\/p>\n<p><a href=\"http:\/\/strathmeier-holzkunst.de\/wp-content\/uploads\/2017\/11\/Westfalen-Blatt-Halle-10.Okt_.2017.pdf\">Westfalen Blatt Halle 10.Okt.2017<\/a><\/p>\n<p><a href=\"http:\/\/strathmeier-holzkunst.de\/wp-content\/uploads\/2017\/10\/Sommerakademie-Nordwalde-2017.pdf\">Sommerakademie Nordwalde 2017<\/a><\/p>\n<p><a href=\"http:\/\/strathmeier-holzkunst.de\/wp-content\/uploads\/2016\/08\/Westf.-Nachrichten-16.8.2016.pdf\">Westf. Nachrichten 16.8.2016<\/a><\/p>\n<p><a href=\"http:\/\/strathmeier-holzkunst.de\/wp-content\/uploads\/2016\/06\/Lippische-Landeszeitung-Mai-2016.pdf\">Lippische Landeszeitung Mai 2016<\/a><\/p>\n<p><a href=\"http:\/\/strathmeier-holzkunst.de\/wp-content\/uploads\/2016\/06\/Westf\u00e4lische-Nachrichten02.-05.-2016.pdf\">Westf\u00e4lische Nachrichten02. 05. 2016<\/a><\/p>\n<p><a href=\"http:\/\/strathmeier-holzkunst.de\/wp-content\/uploads\/2016\/06\/Westf\u00e4lische-29.04.-2016.pdf\">Westf\u00e4lische 29.04. 2016<\/a><\/p>\n<p><a href=\"http:\/\/strathmeier-holzkunst.de\/wp-content\/uploads\/2015\/12\/NW_BBK60_2015-12-15.pdf\">NeueWestf._BBK60_2015-12-15<\/a><\/p>\n<p><a href=\"http:\/\/strathmeier-holzkunst.de\/wp-content\/uploads\/2013\/01\/Westf.Nachrichten_27.7.2015.pdf\">Westf.Nachrichten_27.7.2015<\/a><\/p>\n<p><a href=\"http:\/\/strathmeier-holzkunst.de\/wp-content\/uploads\/2015\/09\/Westf.Blatt_16.5.15.pdf\">Westf.Blatt_16.5.15<\/a><\/p>\n<p><a href=\"http:\/\/strathmeier-holzkunst.de\/wp-content\/uploads\/2013\/01\/NeueWestf._13.5.15.pdf\">NeueWestf._13.5.15<\/a><\/p>\n<p><a href=\"http:\/\/strathmeier-holzkunst.de\/wp-content\/uploads\/2013\/01\/5-Westfalen-Blatt-5.10.2012.pdf\">E Westfalen Blatt 5.10.2012<\/a><\/p>\n<p><a href=\"http:\/\/strathmeier-holzkunst.de\/wp-content\/uploads\/2013\/01\/WN-24.08.2013.pdf\">WN 24.08.2013<\/a><\/p>\n<p><a href=\"http:\/\/strathmeier-holzkunst.de\/wp-content\/uploads\/2014\/01\/Neue-Westf\u00e4lische-11-2013-die-Neuen-im-BBK.pdf\">Neue Westf\u00e4lische 11 2013 die Neuen im BBK<\/a><\/p>\n<p><a href=\"http:\/\/strathmeier-holzkunst.de\/wp-content\/uploads\/2014\/01\/Wetfalenblatt-12-2013-Zehn-Jahre-Produzentengalerie.pdf\">Westfalenblatt 12 2013 Zehn Jahre Produzentengalerie<\/a><\/p>\n","protected":false},"excerpt":{"rendered":"<p>\u00dcbersicht \u00fcber aktuelle Presseartikel Westf\u00e4lische Nachrichten, Juli 2022 Westf\u00e4lische Nachrichten, Juli 2020 Westf. Nachrichten 2019 Sommer-Kunstakademie 2018 Westf. Nachrichrten Westf-Blatt_24.10.17 Westfalen Blatt Halle 10.Okt.2017 Sommerakademie Nordwalde 2017 Westf. Nachrichten 16.8.2016 Lippische Landeszeitung Mai 2016 Westf\u00e4lische Nachrichten02. 05. 2016 Westf\u00e4lische 29.04. 2016 NeueWestf._BBK60_2015-12-15 Westf.Nachrichten_27.7.2015 Westf.Blatt_16.5.15 NeueWestf._13.5.15 E Westfalen Blatt 5.10.2012 WN 24.08.2013 Neue Westf\u00e4lische 11 2013 [&hellip;]<\/p>\n","protected":false},"author":1,"featured_media":0,"parent":0,"menu_order":1,"comment_status":"closed","ping_status":"closed","template":"","meta":{"footnotes":""},"class_list":["post-185","page","type-page","status-publish","hentry"],"_links":{"self":[{"href":"https:\/\/strathmeier-holzkunst.de\/index.php?rest_route=\/wp\/v2\/pages\/185","targetHints":{"allow":["GET"]}}],"collection":[{"href":"https:\/\/strathmeier-holzkunst.de\/index.php?rest_route=\/wp\/v2\/pages"}],"about":[{"href":"https:\/\/strathmeier-holzkunst.de\/index.php?rest_route=\/wp\/v2\/types\/page"}],"author":[{"embeddable":true,"href":"https:\/\/strathmeier-holzkunst.de\/index.php?rest_route=\/wp\/v2\/users\/1"}],"replies":[{"embeddable":true,"href":"https:\/\/strathmeier-holzkunst.de\/index.php?rest_route=%2Fwp%2Fv2%2Fcomments&post=185"}],"version-history":[{"count":40,"href":"https:\/\/strathmeier-holzkunst.de\/index.php?rest_route=\/wp\/v2\/pages\/185\/revisions"}],"predecessor-version":[{"id":1287,"href":"https:\/\/strathmeier-holzkunst.de\/index.php?rest_route=\/wp\/v2\/pages\/185\/revisions\/1287"}],"wp:attachment":[{"href":"https:\/\/strathmeier-holzkunst.de\/index.php?rest_route=%2Fwp%2Fv2%2Fmedia&parent=185"}],"curies":[{"name":"wp","href":"https:\/\/api.w.org\/{rel}","templated":true}]}}